{"id":18,"date":"2024-08-09T09:16:55","date_gmt":"2024-08-09T09:16:55","guid":{"rendered":"https:\/\/valeriereiner.com\/?page_id=18"},"modified":"2025-05-15T15:59:11","modified_gmt":"2025-05-15T15:59:11","slug":"home","status":"publish","type":"page","link":"https:\/\/valeriereiner.com\/cs\/","title":{"rendered":"Home"},"content":{"rendered":"<section class=\"bde-section-18-187 bde-section\">\n  \n\t\n\n\n\n<div class=\"section-container\"><div class=\"bde-columns-18-202 bde-columns\"><div class=\"bde-column-18-203 bde-column\">\n  \n\t\n\n\n\n<h1 class=\"bde-heading-18-190 bde-heading blur-text\">\nKR\u00c1SA<br>spo\u010d\u00edv\u00e1 V<br>DETAILECH\n<\/h1>\n<\/div><div class=\"bde-column-18-204 bde-column\">\n  \n\t\n\n\n\n\n<\/div><\/div><div class=\"bde-columns-18-205 bde-columns\"><div class=\"bde-column-18-206 bde-column\">\n  \n\t\n\n\n\n<h1 class=\"bde-heading-18-199 bde-heading\">\nVizualizace vn\u00edm\u00e1m jako formu um\u011bn\u00ed, kter\u00e1 je neomezen\u00e1 a prom\u011bnliv\u00e1, a proto v\u017edy vypr\u00e1v\u00ed jin\u00fd p\u0159\u00edb\u011bh.\n<\/h1>\n<\/div><div class=\"bde-column-18-207 bde-column\">\n  \n\t\n\n\n\n<a class=\"bde-text-link-18-194 bde-text-link breakdance-link\" href=\"#projects\" target=\"_self\" data-type=\"url\">\n  Projekty\u2192\n\n<\/a>\n<\/div><\/div><\/div>\n<\/section><section id=\"projects\" class=\"bde-section-18-243 bde-section\">\n  \n\t\n\n\n\n<div class=\"section-container\"><div class=\"bde-columns-18-244 bde-columns\"><div class=\"bde-column-18-245 bde-column\">\n  \n\t\n\n\n\n<a class=\"bde-container-link-18-295 bde-container-link breakdance-link\" href=\"https:\/\/valeriereiner.com\/cs\/interior\/\" target=\"_self\" data-type=\"url\">\n  \n\t\n\n\n\n\n\n<\/a>\n<\/div><div class=\"bde-column-18-246 bde-column\">\n  \n\t\n\n\n\n<h1 class=\"bde-heading-18-248 bde-heading\">\nINTERI\u00c9ROV\u00c9<br>VIZUALIZACE\n<\/h1><div class=\"bde-text-18-249 bde-text\">\nSamotn\u00fd p\u016fdorys nevyjad\u0159uje, jak se v prostoru budete c\u00edtit. Jakmile se prom\u011bn\u00ed ve vizualizaci, ocitnete se najednou v prostoru a ten na v\u00e1s za\u010dne p\u016fsobit esteticky i emocion\u00e1ln\u011b. Vytvo\u0159\u00edte si tak jasnou p\u0159edstavu o materi\u00e1lech, barv\u00e1ch a sv\u011btle, co\u017e d\u00e1le vysv\u011btl\u00ed v\u00e1\u0161 n\u00e1vrh\n<\/div><div class=\"bde-div-18-290 bde-div\">\n  \n\t\n\n\n\n<h1 class=\"bde-heading-18-289 bde-heading\">\n01\n<\/h1>\n<\/div>\n<\/div><\/div><div class=\"bde-columns-18-278 bde-columns\"><div class=\"bde-column-18-280 bde-column\">\n  \n\t\n\n\n\n<h1 class=\"bde-heading-18-281 bde-heading\">\nEXTERI\u00c9ROV\u00c9<br>VIZUALIZACE\n<\/h1><div class=\"bde-text-18-282 bde-text\">\nVizualizace exteri\u00e9ru jsou vynikaj\u00edc\u00edm n\u00e1strojem pro formov\u00e1n\u00ed va\u0161\u00ed vize. A\u0165 u\u017e se jedn\u00e1 o vizualizaci va\u0161eho vysn\u011bn\u00e9ho rodinn\u00e9ho domu nebo komplexn\u00edho developersk\u00e9ho projektu, kvalitn\u00ed vizualizace jej dokonale p\u0159edstav\u00ed.<br><br><br>Um\u00edst\u011bn\u00ed objektu do krajiny a jeho obklopen\u00ed r\u016fzn\u00fdmi druhy fl\u00f3ry d\u00e1v\u00e1 cel\u00e9mu projektu nov\u00fd sm\u011br.\n<\/div><div class=\"bde-div-18-291 bde-div\">\n  \n\t\n\n\n\n<h1 class=\"bde-heading-18-292 bde-heading\">\n02\n<\/h1>\n<\/div>\n<\/div><div class=\"bde-column-18-279 bde-column\">\n  \n\t\n\n\n\n<a class=\"bde-container-link-18-303 bde-container-link breakdance-link\" href=\"https:\/\/valeriereiner.com\/cs\/exterior-visualization\/\" target=\"_self\" data-type=\"url\">\n  \n\t\n\n\n\n\n\n<\/a>\n<\/div><\/div><div class=\"bde-columns-18-284 bde-columns\"><div class=\"bde-column-18-288 bde-column\">\n  \n\t\n\n\n\n<a class=\"bde-container-link-18-304 bde-container-link breakdance-link\" href=\"https:\/\/valeriereiner.com\/cs\/product-rendering\/\" target=\"_self\" data-type=\"url\">\n  \n\t\n\n\n\n\n\n<\/a>\n<\/div><div class=\"bde-column-18-285 bde-column\">\n  \n\t\n\n\n\n<h1 class=\"bde-heading-18-286 bde-heading\">\nPRODUKTOV\u00c9<br>VIZUALIZACE\n<\/h1><div class=\"bde-text-18-287 bde-text\">\nVizualizace produktu umo\u017e\u0148uje vytvo\u0159it sv\u011bt bez hranic a neomezen\u00e9 p\u0159edstavivosti. Na rozd\u00edl od komplexn\u00ed produktov\u00e9 fotografie je to metoda, kter\u00e1 je velmi flexibiln\u00ed a nab\u00edz\u00ed nekone\u010dn\u00e9 mo\u017enosti.<br><br><br>V dne\u0161n\u00ed dob\u011b lze vizualizace vyu\u017e\u00edt k nes\u010detn\u00fdm \u00fa\u010del\u016fm - propaga\u010dn\u00edm materi\u00e1l\u016fm, produktov\u00fdm fotografi\u00edm a prezenta\u010dn\u00edm materi\u00e1l\u016fm.\n<\/div><div class=\"bde-div-18-293 bde-div\">\n  \n\t\n\n\n\n<h1 class=\"bde-heading-18-294 bde-heading\">\n03\n<\/h1>\n<\/div>\n<\/div><\/div><div class=\"bde-columns-18-296 bde-columns\"><div class=\"bde-column-18-298 bde-column\">\n  \n\t\n\n\n\n<h1 class=\"bde-heading-18-299 bde-heading\">\n3D<br>ART\n<\/h1><div class=\"bde-text-18-300 bde-text\">\nKolekce m\u00fdch abstraktn\u00edch um\u011bleck\u00fdch v\u00fdtvor\u016f. Neomezen\u00e9 mo\u017enosti 3D sv\u011bta mi umo\u017e\u0148uj\u00ed naplno rozvinout svou kreativitu a prozkoumat sv\u00e9 nejdivo\u010dej\u0161\u00ed n\u00e1pady, co\u017e m\u011b uklid\u0148uje. Bav\u00ed m\u011b tak\u00e9 experimentovat s kompozic\u00ed, osv\u011btlen\u00edm a souhrou r\u016fzn\u00fdch tvar\u016f a materi\u00e1l\u016f.\n<\/div><div class=\"bde-div-18-301 bde-div\">\n  \n\t\n\n\n\n<h1 class=\"bde-heading-18-302 bde-heading\">\n04\n<\/h1>\n<\/div>\n<\/div><div class=\"bde-column-18-297 bde-column\">\n  \n\t\n\n\n\n<a class=\"bde-container-link-18-305 bde-container-link breakdance-link\" href=\"https:\/\/valeriereiner.com\/cs\/3d-art\/\" target=\"_self\" data-type=\"url\">\n  \n\t\n\n\n\n\n\n<\/a>\n<\/div><\/div><\/div>\n<\/section><section class=\"bde-section-18-218 bde-section\">\n  \n\t\n\n\n\n<div class=\"section-container\"><div class=\"bde-columns-18-220 bde-columns\"><div class=\"bde-column-18-221 bde-column\">\n  \n\t\n\n\n\n\n<\/div><div class=\"bde-column-18-222 bde-column\">\n  \n\t\n\n\n\n<div class=\"bde-div-18-229 bde-div\">\n  \n\t\n\n\n\n<div class=\"bde-image-18-224 bde-image\">\n<figure class=\"breakdance-image breakdance-image--434\">\n\t<div class=\"breakdance-image-container\">\n\t\t<div class=\"breakdance-image-clip\"><img loading=\"lazy\" decoding=\"async\" class=\"breakdance-image-object\" src=\"https:\/\/valeriereiner.com\/wp-content\/uploads\/2024\/09\/6-years.webp\" width=\"903\" height=\"709\" srcset=\"https:\/\/valeriereiner.com\/wp-content\/uploads\/2024\/09\/6-years.webp 903w, https:\/\/valeriereiner.com\/wp-content\/uploads\/2024\/09\/6-years-300x236.webp 300w, https:\/\/valeriereiner.com\/wp-content\/uploads\/2024\/09\/6-years-768x603.webp 768w, https:\/\/valeriereiner.com\/wp-content\/uploads\/2024\/09\/6-years-15x12.webp 15w\" sizes=\"auto, (max-width: 903px) 100vw, 903px\"><\/div>\n\t<\/div><\/figure>\n\n<\/div>\n<\/div><div class=\"bde-div-18-228 bde-div\">\n  \n\t\n\n\n\n<h1 class=\"bde-heading-18-225 bde-heading\">\n\"Z PROST\u00c9 MY\u0160LENKY SE STANE<br>PROSTOR NEBO PRODUKT, KTER\u00dd<br>SI P\u0158EJETE ZA\u017d\u00cdT\"\n<\/h1>\n<\/div>\n<\/div><\/div><\/div>\n<\/section><section class=\"bde-section-18-100 bde-section\">\n  \n\t\n\n\n\n<div class=\"section-container\"><div class=\"bde-post-loop-18-101 bde-post-loop\">\n<div class=\"ee-posts ee-posts-grid\">    <article class=\"ee-post\">\n        <style>.breakdance .bde-section-224-100-940-224-1{background-image:url(https:\/\/valeriereiner.com\/wp-content\/uploads\/2025\/10\/WebP_Untitled00217084-2048x1152.webp);background-size:cover}<\/style><section class=\"bde-section-224-100-940-224-1 bde-section bde-section-224-100\">\n  \n\t\n\n\n\n<div class=\"section-container\"><a class=\"bde-container-link-224-106-940-224-1 bde-container-link bde-container-link-224-106 breakdance-link\" href=\"https:\/\/valeriereiner.com\/cs\/project\/fredericia-soborg-chair\/\" target=\"_self\" data-type=\"url\">\n  \n\t\n\n\n\n<h1 class=\"bde-heading-224-101-940-224-1 bde-heading bde-heading-224-101\">\nSoborg Chair Animation\n<\/h1><h1 class=\"bde-heading-224-102-940-224-1 bde-heading bde-heading-224-102\">\nIn-House Project\n<\/h1><h1 class=\"bde-heading-224-103-940-224-1 bde-heading bde-heading-224-103\">\n2025\n<\/h1>\n\n<\/a><\/div>\n<\/section>    <\/article>\n    <article class=\"ee-post\">\n        <style>.breakdance .bde-section-224-100-808-224-1{background-image:url(https:\/\/valeriereiner.com\/wp-content\/uploads\/2025\/05\/WebP_Livingroom-1-2048x1365.webp);background-size:cover}<\/style><section class=\"bde-section-224-100-808-224-1 bde-section bde-section-224-100\">\n  \n\t\n\n\n\n<div class=\"section-container\"><a class=\"bde-container-link-224-106-808-224-1 bde-container-link bde-container-link-224-106 breakdance-link\" href=\"https:\/\/valeriereiner.com\/cs\/project\/rustic-house\/\" target=\"_self\" data-type=\"url\">\n  \n\t\n\n\n\n<h1 class=\"bde-heading-224-101-808-224-1 bde-heading bde-heading-224-101\">\nRustic House\n<\/h1><h1 class=\"bde-heading-224-102-808-224-1 bde-heading bde-heading-224-102\">\nIn-House Project\n<\/h1><h1 class=\"bde-heading-224-103-808-224-1 bde-heading bde-heading-224-103\">\n2025\n<\/h1>\n\n<\/a><\/div>\n<\/section>    <\/article>\n    <article class=\"ee-post\">\n        <style>.breakdance .bde-section-224-100-879-224-1{background-image:url(https:\/\/valeriereiner.com\/wp-content\/uploads\/2025\/05\/WebP_Sunrise-004-2048x1365.webp);background-size:cover}<\/style><section class=\"bde-section-224-100-879-224-1 bde-section bde-section-224-100\">\n  \n\t\n\n\n\n<div class=\"section-container\"><a class=\"bde-container-link-224-106-879-224-1 bde-container-link bde-container-link-224-106 breakdance-link\" href=\"https:\/\/valeriereiner.com\/cs\/project\/family-house\/\" target=\"_self\" data-type=\"url\">\n  \n\t\n\n\n\n<h1 class=\"bde-heading-224-101-879-224-1 bde-heading bde-heading-224-101\">\nFamily House\n<\/h1><h1 class=\"bde-heading-224-102-879-224-1 bde-heading bde-heading-224-102\">\nIn-House Project\n<\/h1><h1 class=\"bde-heading-224-103-879-224-1 bde-heading bde-heading-224-103\">\n2025\n<\/h1>\n\n<\/a><\/div>\n<\/section>    <\/article>\n    <article class=\"ee-post\">\n        <style>.breakdance .bde-section-224-100-928-224-1{background-image:url(https:\/\/valeriereiner.com\/wp-content\/uploads\/2025\/10\/WebP_Untitled00216563-1362x2048.webp);background-size:cover}<\/style><section class=\"bde-section-224-100-928-224-1 bde-section bde-section-224-100\">\n  \n\t\n\n\n\n<div class=\"section-container\"><a class=\"bde-container-link-224-106-928-224-1 bde-container-link bde-container-link-224-106 breakdance-link\" href=\"https:\/\/valeriereiner.com\/cs\/project\/centella-ampoule-video\/\" target=\"_self\" data-type=\"url\">\n  \n\t\n\n\n\n<h1 class=\"bde-heading-224-101-928-224-1 bde-heading bde-heading-224-101\">\nSkincare Ampoule Animation\n<\/h1><h1 class=\"bde-heading-224-102-928-224-1 bde-heading bde-heading-224-102\">\nIn-House Project\n<\/h1><h1 class=\"bde-heading-224-103-928-224-1 bde-heading bde-heading-224-103\">\n2025\n<\/h1>\n\n<\/a><\/div>\n<\/section>    <\/article>\n    <article class=\"ee-post\">\n        <style>.breakdance .bde-section-224-100-257-224-1{background-image:url(https:\/\/valeriereiner.com\/wp-content\/uploads\/2024\/08\/J_0002_D5_Image_20220518_194652-2048x1377.jpg);background-size:cover}<\/style><section class=\"bde-section-224-100-257-224-1 bde-section bde-section-224-100\">\n  \n\t\n\n\n\n<div class=\"section-container\"><a class=\"bde-container-link-224-106-257-224-1 bde-container-link bde-container-link-224-106 breakdance-link\" href=\"https:\/\/valeriereiner.com\/cs\/project\/bedroom-inner-peace\/\" target=\"_self\" data-type=\"url\">\n  \n\t\n\n\n\n<h1 class=\"bde-heading-224-101-257-224-1 bde-heading bde-heading-224-101\">\nInner Peace\n<\/h1><h1 class=\"bde-heading-224-102-257-224-1 bde-heading bde-heading-224-102\">\nIn-House Project\n<\/h1><h1 class=\"bde-heading-224-103-257-224-1 bde-heading bde-heading-224-103\">\n2022\n<\/h1>\n\n<\/a><\/div>\n<\/section>    <\/article>\n    <article class=\"ee-post\">\n        <style>.breakdance .bde-section-224-100-258-224-1{background-image:url(https:\/\/valeriereiner.com\/wp-content\/uploads\/2024\/08\/3-1-2048x1377.jpg);background-size:cover}<\/style><section class=\"bde-section-224-100-258-224-1 bde-section bde-section-224-100\">\n  \n\t\n\n\n\n<div class=\"section-container\"><a class=\"bde-container-link-224-106-258-224-1 bde-container-link bde-container-link-224-106 breakdance-link\" href=\"https:\/\/valeriereiner.com\/cs\/project\/bathroom-hahnova\/\" target=\"_self\" data-type=\"url\">\n  \n\t\n\n\n\n<h1 class=\"bde-heading-224-101-258-224-1 bde-heading bde-heading-224-101\">\nBathroom Renovation\n<\/h1><h1 class=\"bde-heading-224-102-258-224-1 bde-heading bde-heading-224-102\">\nPrivate Client\n<\/h1><h1 class=\"bde-heading-224-103-258-224-1 bde-heading bde-heading-224-103\">\n2022\n<\/h1>\n\n<\/a><\/div>\n<\/section>    <\/article>\n    <article class=\"ee-post\">\n        <style>.breakdance .bde-section-224-100-264-224-1{background-image:url(https:\/\/valeriereiner.com\/wp-content\/uploads\/2024\/08\/231024-SRT_Architekten_ZKB_Kusnacht_VCamera_12-scaled.avif);background-size:cover}<\/style><section class=\"bde-section-224-100-264-224-1 bde-section bde-section-224-100\">\n  \n\t\n\n\n\n<div class=\"section-container\"><a class=\"bde-container-link-224-106-264-224-1 bde-container-link bde-container-link-224-106 breakdance-link\" href=\"https:\/\/valeriereiner.com\/cs\/project\/zkb-bank\/\" target=\"_self\" data-type=\"url\">\n  \n\t\n\n\n\n<h1 class=\"bde-heading-224-101-264-224-1 bde-heading bde-heading-224-101\">\nZKB Bank \n<\/h1><h1 class=\"bde-heading-224-102-264-224-1 bde-heading bde-heading-224-102\">\nAtelier Brunecky\n<\/h1><h1 class=\"bde-heading-224-103-264-224-1 bde-heading bde-heading-224-103\">\n2023\n<\/h1>\n\n<\/a><\/div>\n<\/section>    <\/article>\n    <article class=\"ee-post\">\n        <style>.breakdance .bde-section-224-100-262-224-1{background-image:url(https:\/\/valeriereiner.com\/wp-content\/uploads\/2024\/08\/231003-Altrimo-Wienacht-scaled.avif);background-size:cover}<\/style><section class=\"bde-section-224-100-262-224-1 bde-section bde-section-224-100\">\n  \n\t\n\n\n\n<div class=\"section-container\"><a class=\"bde-container-link-224-106-262-224-1 bde-container-link bde-container-link-224-106 breakdance-link\" href=\"https:\/\/valeriereiner.com\/cs\/project\/altrimo-house\/\" target=\"_self\" data-type=\"url\">\n  \n\t\n\n\n\n<h1 class=\"bde-heading-224-101-262-224-1 bde-heading bde-heading-224-101\">\nAltrimo House\n<\/h1><h1 class=\"bde-heading-224-102-262-224-1 bde-heading bde-heading-224-102\">\nAtelier Brunecky\n<\/h1><h1 class=\"bde-heading-224-103-262-224-1 bde-heading bde-heading-224-103\">\n2023\n<\/h1>\n\n<\/a><\/div>\n<\/section>    <\/article>\n<\/div>\n\n<\/div><\/div>\n<\/section><section class=\"bde-section-18-209 bde-section\">\n  \n\t\n\n\n\n<div class=\"section-container\"><div class=\"bde-globalblock-18-208 bde-globalblock\">\n<section class=\"bde-section-406-100-406-1 bde-section bde-section-406-100\">\n  \n\t\n\n\n\n<div class=\"section-container\"><div class=\"bde-div-406-101-406-1 bde-div bde-div-406-101\">\n  \n\t\n\n\n\n<div class=\"bde-columns-406-102-406-1 bde-columns bde-columns-406-102\"><div class=\"bde-column-406-103-406-1 bde-column bde-column-406-103\">\n  \n\t\n\n\n\n<h1 class=\"bde-heading-406-106-406-1 bde-heading bde-heading-406-106\">\nO MN\u011a\n<\/h1><div class=\"bde-text-406-105-406-1 bde-text bde-text-406-105\">\nJmenuji se Valerie Reinerov\u00e1 a specializuji se na vytv\u00e1\u0159en\u00ed fotorealistick\u00fdch vizualizac\u00ed interi\u00e9r\u016f, exteri\u00e9r\u016f a produkt\u016f.<br>Vizualizace vn\u00edm\u00e1m jako formu um\u011bn\u00ed, kter\u00e1 je neomezen\u00e1 a prom\u011bnliv\u00e1, a proto v\u017edy vypr\u00e1v\u00ed jin\u00fd p\u0159\u00edb\u011bh. Je to takov\u00e1 t\u0159e\u0161ni\u010dka na dortu cel\u00e9ho projektu. Z jednoduch\u00e9ho n\u00e1padu se st\u00e1v\u00e1 prostor nebo produkt, kter\u00fd chcete za\u017e\u00edt.\n<\/div>\n<\/div><div class=\"bde-column-406-104-406-1 bde-column bde-column-406-104\">\n  \n\t\n\n\n\n<div class=\"bde-image-406-111-406-1 bde-image bde-image-406-111\">\n<figure class=\"breakdance-image breakdance-image--497\">\n\t<div class=\"breakdance-image-container\">\n\t\t<div class=\"breakdance-image-clip\"><img loading=\"lazy\" decoding=\"async\" class=\"breakdance-image-object\" src=\"https:\/\/valeriereiner.com\/wp-content\/uploads\/2024\/10\/IMG_1959_BW-2-1536x2048.jpg\" width=\"1536\" height=\"2048\" srcset=\"https:\/\/valeriereiner.com\/wp-content\/uploads\/2024\/10\/IMG_1959_BW-2-1536x2048.jpg 1536w, https:\/\/valeriereiner.com\/wp-content\/uploads\/2024\/10\/IMG_1959_BW-2-225x300.jpg 225w, https:\/\/valeriereiner.com\/wp-content\/uploads\/2024\/10\/IMG_1959_BW-2-768x1024.jpg 768w, https:\/\/valeriereiner.com\/wp-content\/uploads\/2024\/10\/IMG_1959_BW-2-1152x1536.jpg 1152w, https:\/\/valeriereiner.com\/wp-content\/uploads\/2024\/10\/IMG_1959_BW-2-scaled.jpg 1920w\" sizes=\"auto, (max-width: 1536px) 100vw, 1536px\"><\/div>\n\t<\/div><\/figure>\n\n<\/div>\n<\/div><\/div>\n<\/div><\/div>\n<\/section>\n<\/div><\/div>\n<\/section>","protected":false},"excerpt":{"rendered":"<p>the beautyis in thedetails I percieve rendering as a form of art that is unlimited and variable, therefore it always tells a different story. Projects \u2192 INTERIORVISUALIZATION A floor plan alone does not convey how you will feel in the space. Once it is transformed into a visualization, you suddenly find yourself in the space, [&hellip;]<\/p>","protected":false},"author":1,"featured_media":0,"parent":0,"menu_order":0,"comment_status":"closed","ping_status":"closed","template":"","meta":{"_acf_changed":false,"_breakdance_hide_in_design_set":false,"_breakdance_tags":"","footnotes":""},"class_list":["post-18","page","type-page","status-publish","hentry"],"acf":[],"_links":{"self":[{"href":"https:\/\/valeriereiner.com\/cs\/wp-json\/wp\/v2\/pages\/18","targetHints":{"allow":["GET"]}}],"collection":[{"href":"https:\/\/valeriereiner.com\/cs\/wp-json\/wp\/v2\/pages"}],"about":[{"href":"https:\/\/valeriereiner.com\/cs\/wp-json\/wp\/v2\/types\/page"}],"author":[{"embeddable":true,"href":"https:\/\/valeriereiner.com\/cs\/wp-json\/wp\/v2\/users\/1"}],"replies":[{"embeddable":true,"href":"https:\/\/valeriereiner.com\/cs\/wp-json\/wp\/v2\/comments?post=18"}],"version-history":[{"count":9,"href":"https:\/\/valeriereiner.com\/cs\/wp-json\/wp\/v2\/pages\/18\/revisions"}],"predecessor-version":[{"id":874,"href":"https:\/\/valeriereiner.com\/cs\/wp-json\/wp\/v2\/pages\/18\/revisions\/874"}],"wp:attachment":[{"href":"https:\/\/valeriereiner.com\/cs\/wp-json\/wp\/v2\/media?parent=18"}],"curies":[{"name":"wp","href":"https:\/\/api.w.org\/{rel}","templated":true}]}}