{"id":465,"date":"2024-10-13T15:45:40","date_gmt":"2024-10-13T15:45:40","guid":{"rendered":"https:\/\/valeriereiner.com\/?page_id=465"},"modified":"2025-05-16T10:20:50","modified_gmt":"2025-05-16T10:20:50","slug":"interior","status":"publish","type":"page","link":"https:\/\/valeriereiner.com\/cs\/interior\/","title":{"rendered":"Interi\u00e9rov\u00e9 Vizualizace"},"content":{"rendered":"<section class=\"bde-section-465-103 bde-section\">\n  \n\t\n\n\n\n<div class=\"section-container\"><div class=\"bde-div-465-116 bde-div\">\n  \n\t\n\n\n\n<h1 class=\"bde-heading-465-104 bde-heading\">\nInteri\u00e9rov\u00e9 Vizualizace\n<\/h1><div class=\"bde-text-465-105 bde-text\">\nSamotn\u00fd p\u016fdorys nevyjad\u0159uje, jak se v prostoru budete c\u00edtit. Jakmile se prom\u011bn\u00ed ve vizualizaci, ocitnete se najednou v prostoru a ten na v\u00e1s za\u010dne p\u016fsobit esteticky i emocion\u00e1ln\u011b. Vytvo\u0159\u00edte si tak jasnou p\u0159edstavu o materi\u00e1lech, barv\u00e1ch a sv\u011btle, co\u017e d\u00e1le vysv\u011btl\u00ed v\u00e1\u0161 n\u00e1vrh\n<\/div>\n<\/div><\/div>\n<\/section><section class=\"bde-section-465-101 bde-section\">\n  \n\t\n\n\n\n<div class=\"section-container\"><div class=\"bde-post-loop-465-102 bde-post-loop\">\n<div class=\"ee-posts ee-posts-grid\">    <article class=\"ee-post\">\n        <style>.breakdance .bde-section-224-100-808-224-1{background-image:url(https:\/\/valeriereiner.com\/wp-content\/uploads\/2025\/05\/WebP_Livingroom-1-2048x1365.webp);background-size:cover}<\/style><section class=\"bde-section-224-100-808-224-1 bde-section bde-section-224-100\">\n  \n\t\n\n\n\n<div class=\"section-container\"><a class=\"bde-container-link-224-106-808-224-1 bde-container-link bde-container-link-224-106 breakdance-link\" href=\"https:\/\/valeriereiner.com\/cs\/project\/rustic-house\/\" target=\"_self\" data-type=\"url\">\n  \n\t\n\n\n\n<h1 class=\"bde-heading-224-101-808-224-1 bde-heading bde-heading-224-101\">\nRustic House\n<\/h1><h1 class=\"bde-heading-224-102-808-224-1 bde-heading bde-heading-224-102\">\nIn-House Project\n<\/h1><h1 class=\"bde-heading-224-103-808-224-1 bde-heading bde-heading-224-103\">\n2025\n<\/h1>\n\n<\/a><\/div>\n<\/section>    <\/article>\n    <article class=\"ee-post\">\n        <style>.breakdance .bde-section-224-100-836-224-1{background-image:url(https:\/\/valeriereiner.com\/wp-content\/uploads\/2025\/05\/WebP_Pavel-Novak_241217-0003-2048x1365.webp);background-size:cover}<\/style><section class=\"bde-section-224-100-836-224-1 bde-section bde-section-224-100\">\n  \n\t\n\n\n\n<div class=\"section-container\"><a class=\"bde-container-link-224-106-836-224-1 bde-container-link bde-container-link-224-106 breakdance-link\" href=\"https:\/\/valeriereiner.com\/cs\/project\/attic-flat\/\" target=\"_self\" data-type=\"url\">\n  \n\t\n\n\n\n<h1 class=\"bde-heading-224-101-836-224-1 bde-heading bde-heading-224-101\">\nAttic Apartment\n<\/h1><h1 class=\"bde-heading-224-102-836-224-1 bde-heading bde-heading-224-102\">\nPrivate Client\n<\/h1><h1 class=\"bde-heading-224-103-836-224-1 bde-heading bde-heading-224-103\">\n2025\n<\/h1>\n\n<\/a><\/div>\n<\/section>    <\/article>\n    <article class=\"ee-post\">\n        <style>.breakdance .bde-section-224-100-337-224-1{background-image:url(https:\/\/valeriereiner.com\/wp-content\/uploads\/2024\/08\/240718_Green-Ivy-Bathroom_Bloom-2048x1365.jpg);background-size:cover}<\/style><section class=\"bde-section-224-100-337-224-1 bde-section bde-section-224-100\">\n  \n\t\n\n\n\n<div class=\"section-container\"><a class=\"bde-container-link-224-106-337-224-1 bde-container-link bde-container-link-224-106 breakdance-link\" href=\"https:\/\/valeriereiner.com\/cs\/project\/ivy-bathroom\/\" target=\"_self\" data-type=\"url\">\n  \n\t\n\n\n\n<h1 class=\"bde-heading-224-101-337-224-1 bde-heading bde-heading-224-101\">\nIvy Vintage Bathroom\n<\/h1><h1 class=\"bde-heading-224-102-337-224-1 bde-heading bde-heading-224-102\">\nIn-House Project\n<\/h1><h1 class=\"bde-heading-224-103-337-224-1 bde-heading bde-heading-224-103\">\n2024\n<\/h1>\n\n<\/a><\/div>\n<\/section>    <\/article>\n    <article class=\"ee-post\">\n        <style>.breakdance .bde-section-224-100-875-224-1{background-image:url(https:\/\/valeriereiner.com\/wp-content\/uploads\/2025\/05\/WebP_Mid-1281x2048.webp);background-size:cover}<\/style><section class=\"bde-section-224-100-875-224-1 bde-section bde-section-224-100\">\n  \n\t\n\n\n\n<div class=\"section-container\"><a class=\"bde-container-link-224-106-875-224-1 bde-container-link bde-container-link-224-106 breakdance-link\" href=\"https:\/\/valeriereiner.com\/cs\/project\/dom-st-stephan-passau\/\" target=\"_self\" data-type=\"url\">\n  \n\t\n\n\n\n<h1 class=\"bde-heading-224-101-875-224-1 bde-heading bde-heading-224-101\">\nDom St. Stephan, Passau\n<\/h1><h1 class=\"bde-heading-224-102-875-224-1 bde-heading bde-heading-224-102\">\nWalter Schwetz Architekt BDA\n<\/h1><h1 class=\"bde-heading-224-103-875-224-1 bde-heading bde-heading-224-103\">\n2024\n<\/h1>\n\n<\/a><\/div>\n<\/section>    <\/article>\n    <article class=\"ee-post\">\n        <style>.breakdance .bde-section-224-100-264-224-1{background-image:url(https:\/\/valeriereiner.com\/wp-content\/uploads\/2024\/08\/231024-SRT_Architekten_ZKB_Kusnacht_VCamera_12-scaled.avif);background-size:cover}<\/style><section class=\"bde-section-224-100-264-224-1 bde-section bde-section-224-100\">\n  \n\t\n\n\n\n<div class=\"section-container\"><a class=\"bde-container-link-224-106-264-224-1 bde-container-link bde-container-link-224-106 breakdance-link\" href=\"https:\/\/valeriereiner.com\/cs\/project\/zkb-bank\/\" target=\"_self\" data-type=\"url\">\n  \n\t\n\n\n\n<h1 class=\"bde-heading-224-101-264-224-1 bde-heading bde-heading-224-101\">\nZKB Bank \n<\/h1><h1 class=\"bde-heading-224-102-264-224-1 bde-heading bde-heading-224-102\">\nAtelier Brunecky\n<\/h1><h1 class=\"bde-heading-224-103-264-224-1 bde-heading bde-heading-224-103\">\n2023\n<\/h1>\n\n<\/a><\/div>\n<\/section>    <\/article>\n    <article class=\"ee-post\">\n        <style>.breakdance .bde-section-224-100-304-224-1{background-image:url(https:\/\/valeriereiner.com\/wp-content\/uploads\/2024\/08\/231123_CH_Architekten-ZKB_Oberwetzikon_VCamera_034-2048x1365.jpg);background-size:cover}<\/style><section class=\"bde-section-224-100-304-224-1 bde-section bde-section-224-100\">\n  \n\t\n\n\n\n<div class=\"section-container\"><a class=\"bde-container-link-224-106-304-224-1 bde-container-link bde-container-link-224-106 breakdance-link\" href=\"https:\/\/valeriereiner.com\/cs\/project\/zkb-bank-2\/\" target=\"_self\" data-type=\"url\">\n  \n\t\n\n\n\n<h1 class=\"bde-heading-224-101-304-224-1 bde-heading bde-heading-224-101\">\nZKB Bank 2\n<\/h1><h1 class=\"bde-heading-224-102-304-224-1 bde-heading bde-heading-224-102\">\nAtelier Brunecky\n<\/h1><h1 class=\"bde-heading-224-103-304-224-1 bde-heading bde-heading-224-103\">\n2023\n<\/h1>\n\n<\/a><\/div>\n<\/section>    <\/article>\n    <article class=\"ee-post\">\n        <style>.breakdance .bde-section-224-100-305-224-1{background-image:url(https:\/\/valeriereiner.com\/wp-content\/uploads\/2024\/08\/231109-GalliRudolf_SunnigeHof-INN-VCamera-14-2048x1365.jpg);background-size:cover}<\/style><section class=\"bde-section-224-100-305-224-1 bde-section bde-section-224-100\">\n  \n\t\n\n\n\n<div class=\"section-container\"><a class=\"bde-container-link-224-106-305-224-1 bde-container-link bde-container-link-224-106 breakdance-link\" href=\"https:\/\/valeriereiner.com\/cs\/project\/galli-rudolf\/\" target=\"_self\" data-type=\"url\">\n  \n\t\n\n\n\n<h1 class=\"bde-heading-224-101-305-224-1 bde-heading bde-heading-224-101\">\nGalli Rudolf SunnigeHof\n<\/h1><h1 class=\"bde-heading-224-102-305-224-1 bde-heading bde-heading-224-102\">\nAtelier Brunecky\n<\/h1><h1 class=\"bde-heading-224-103-305-224-1 bde-heading bde-heading-224-103\">\n2023\n<\/h1>\n\n<\/a><\/div>\n<\/section>    <\/article>\n    <article class=\"ee-post\">\n        <style>.breakdance .bde-section-224-100-251-224-1{background-image:url(https:\/\/valeriereiner.com\/wp-content\/uploads\/2024\/08\/RL_0010_Kitchen-10000-2048x1152.jpg);background-size:cover}<\/style><section class=\"bde-section-224-100-251-224-1 bde-section bde-section-224-100\">\n  \n\t\n\n\n\n<div class=\"section-container\"><a class=\"bde-container-link-224-106-251-224-1 bde-container-link bde-container-link-224-106 breakdance-link\" href=\"https:\/\/valeriereiner.com\/cs\/project\/251\/\" target=\"_self\" data-type=\"url\">\n  \n\t\n\n\n\n<h1 class=\"bde-heading-224-101-251-224-1 bde-heading bde-heading-224-101\">\nRestful Living\n<\/h1><h1 class=\"bde-heading-224-102-251-224-1 bde-heading bde-heading-224-102\">\nPrivate Client\n<\/h1><h1 class=\"bde-heading-224-103-251-224-1 bde-heading bde-heading-224-103\">\n2022\n<\/h1>\n\n<\/a><\/div>\n<\/section>    <\/article>\n    <article class=\"ee-post\">\n        <style>.breakdance .bde-section-224-100-257-224-1{background-image:url(https:\/\/valeriereiner.com\/wp-content\/uploads\/2024\/08\/J_0002_D5_Image_20220518_194652-2048x1377.jpg);background-size:cover}<\/style><section class=\"bde-section-224-100-257-224-1 bde-section bde-section-224-100\">\n  \n\t\n\n\n\n<div class=\"section-container\"><a class=\"bde-container-link-224-106-257-224-1 bde-container-link bde-container-link-224-106 breakdance-link\" href=\"https:\/\/valeriereiner.com\/cs\/project\/bedroom-inner-peace\/\" target=\"_self\" data-type=\"url\">\n  \n\t\n\n\n\n<h1 class=\"bde-heading-224-101-257-224-1 bde-heading bde-heading-224-101\">\nInner Peace\n<\/h1><h1 class=\"bde-heading-224-102-257-224-1 bde-heading bde-heading-224-102\">\nIn-House Project\n<\/h1><h1 class=\"bde-heading-224-103-257-224-1 bde-heading bde-heading-224-103\">\n2022\n<\/h1>\n\n<\/a><\/div>\n<\/section>    <\/article>\n    <article class=\"ee-post\">\n        <style>.breakdance .bde-section-224-100-258-224-1{background-image:url(https:\/\/valeriereiner.com\/wp-content\/uploads\/2024\/08\/3-1-2048x1377.jpg);background-size:cover}<\/style><section class=\"bde-section-224-100-258-224-1 bde-section bde-section-224-100\">\n  \n\t\n\n\n\n<div class=\"section-container\"><a class=\"bde-container-link-224-106-258-224-1 bde-container-link bde-container-link-224-106 breakdance-link\" href=\"https:\/\/valeriereiner.com\/cs\/project\/bathroom-hahnova\/\" target=\"_self\" data-type=\"url\">\n  \n\t\n\n\n\n<h1 class=\"bde-heading-224-101-258-224-1 bde-heading bde-heading-224-101\">\nBathroom Renovation\n<\/h1><h1 class=\"bde-heading-224-102-258-224-1 bde-heading bde-heading-224-102\">\nPrivate Client\n<\/h1><h1 class=\"bde-heading-224-103-258-224-1 bde-heading bde-heading-224-103\">\n2022\n<\/h1>\n\n<\/a><\/div>\n<\/section>    <\/article>\n    <article class=\"ee-post\">\n        <style>.breakdance .bde-section-224-100-265-224-1{background-image:url(https:\/\/valeriereiner.com\/wp-content\/uploads\/2024\/08\/0008_Background-2048x1152.jpg);background-size:cover}<\/style><section class=\"bde-section-224-100-265-224-1 bde-section bde-section-224-100\">\n  \n\t\n\n\n\n<div class=\"section-container\"><a class=\"bde-container-link-224-106-265-224-1 bde-container-link bde-container-link-224-106 breakdance-link\" href=\"https:\/\/valeriereiner.com\/cs\/project\/cellabo-clinic\/\" target=\"_self\" data-type=\"url\">\n  \n\t\n\n\n\n<h1 class=\"bde-heading-224-101-265-224-1 bde-heading bde-heading-224-101\">\nCellabo Clinic\n<\/h1><h1 class=\"bde-heading-224-102-265-224-1 bde-heading bde-heading-224-102\">\nIn-House Project\n<\/h1><h1 class=\"bde-heading-224-103-265-224-1 bde-heading bde-heading-224-103\">\n2022\n<\/h1>\n\n<\/a><\/div>\n<\/section>    <\/article>\n    <article class=\"ee-post\">\n        <style>.breakdance .bde-section-224-100-259-224-1{background-image:url(https:\/\/valeriereiner.com\/wp-content\/uploads\/2024\/08\/Dining_-2048x1152.jpg);background-size:cover}<\/style><section class=\"bde-section-224-100-259-224-1 bde-section bde-section-224-100\">\n  \n\t\n\n\n\n<div class=\"section-container\"><a class=\"bde-container-link-224-106-259-224-1 bde-container-link bde-container-link-224-106 breakdance-link\" href=\"https:\/\/valeriereiner.com\/cs\/project\/dining-vintage\/\" target=\"_self\" data-type=\"url\">\n  \n\t\n\n\n\n<h1 class=\"bde-heading-224-101-259-224-1 bde-heading bde-heading-224-101\">\nDining Room\n<\/h1><h1 class=\"bde-heading-224-102-259-224-1 bde-heading bde-heading-224-102\">\nIn-House Project\n<\/h1><h1 class=\"bde-heading-224-103-259-224-1 bde-heading bde-heading-224-103\">\n2021\n<\/h1>\n\n<\/a><\/div>\n<\/section>    <\/article>\n    <article class=\"ee-post\">\n        <style>.breakdance .bde-section-224-100-261-224-1{background-image:url(https:\/\/valeriereiner.com\/wp-content\/uploads\/2024\/08\/image_6483441.jpg);background-size:cover}<\/style><section class=\"bde-section-224-100-261-224-1 bde-section bde-section-224-100\">\n  \n\t\n\n\n\n<div class=\"section-container\"><a class=\"bde-container-link-224-106-261-224-1 bde-container-link bde-container-link-224-106 breakdance-link\" href=\"https:\/\/valeriereiner.com\/cs\/project\/bedroom-ikea\/\" target=\"_self\" data-type=\"url\">\n  \n\t\n\n\n\n<h1 class=\"bde-heading-224-101-261-224-1 bde-heading bde-heading-224-101\">\nScandinavian Bedroom\n<\/h1><h1 class=\"bde-heading-224-102-261-224-1 bde-heading bde-heading-224-102\">\nPrivate Client\n<\/h1><h1 class=\"bde-heading-224-103-261-224-1 bde-heading bde-heading-224-103\">\n2021\n<\/h1>\n\n<\/a><\/div>\n<\/section>    <\/article>\n    <article class=\"ee-post\">\n        <style>.breakdance .bde-section-224-100-260-224-1{background-image:url(https:\/\/valeriereiner.com\/wp-content\/uploads\/2024\/08\/Render3-2048x1365.png);background-size:cover}<\/style><section class=\"bde-section-224-100-260-224-1 bde-section bde-section-224-100\">\n  \n\t\n\n\n\n<div class=\"section-container\"><a class=\"bde-container-link-224-106-260-224-1 bde-container-link bde-container-link-224-106 breakdance-link\" href=\"https:\/\/valeriereiner.com\/cs\/project\/bathroom-old\/\" target=\"_self\" data-type=\"url\">\n  \n\t\n\n\n\n<h1 class=\"bde-heading-224-101-260-224-1 bde-heading bde-heading-224-101\">\nScandinavian Bathroom \n<\/h1><h1 class=\"bde-heading-224-102-260-224-1 bde-heading bde-heading-224-102\">\nIn-House Project\n<\/h1><h1 class=\"bde-heading-224-103-260-224-1 bde-heading bde-heading-224-103\">\n2020\n<\/h1>\n\n<\/a><\/div>\n<\/section>    <\/article>\n    <article class=\"ee-post\">\n        <style>.breakdance .bde-section-224-100-306-224-1{background-image:url(https:\/\/valeriereiner.com\/wp-content\/uploads\/2024\/08\/Render__livingroom_denosie_edit-2048x1152.png);background-size:cover}<\/style><section class=\"bde-section-224-100-306-224-1 bde-section bde-section-224-100\">\n  \n\t\n\n\n\n<div class=\"section-container\"><a class=\"bde-container-link-224-106-306-224-1 bde-container-link bde-container-link-224-106 breakdance-link\" href=\"https:\/\/valeriereiner.com\/cs\/project\/old-livingroom\/\" target=\"_self\" data-type=\"url\">\n  \n\t\n\n\n\n<h1 class=\"bde-heading-224-101-306-224-1 bde-heading bde-heading-224-101\">\nScandinavian Livingroom\n<\/h1><h1 class=\"bde-heading-224-102-306-224-1 bde-heading bde-heading-224-102\">\nIn-House Project\n<\/h1><h1 class=\"bde-heading-224-103-306-224-1 bde-heading bde-heading-224-103\">\n2020\n<\/h1>\n\n<\/a><\/div>\n<\/section>    <\/article>\n    <article class=\"ee-post\">\n        <style>.breakdance .bde-section-224-100-307-224-1{background-image:url(https:\/\/valeriereiner.com\/wp-content\/uploads\/2024\/08\/Bedroom_3-2.png);background-size:cover}<\/style><section class=\"bde-section-224-100-307-224-1 bde-section bde-section-224-100\">\n  \n\t\n\n\n\n<div class=\"section-container\"><a class=\"bde-container-link-224-106-307-224-1 bde-container-link bde-container-link-224-106 breakdance-link\" href=\"https:\/\/valeriereiner.com\/cs\/project\/old-bedroom\/\" target=\"_self\" data-type=\"url\">\n  \n\t\n\n\n\n<h1 class=\"bde-heading-224-101-307-224-1 bde-heading bde-heading-224-101\">\nScandinavian Bedroom\n<\/h1><h1 class=\"bde-heading-224-102-307-224-1 bde-heading bde-heading-224-102\">\nIn-House Project\n<\/h1><h1 class=\"bde-heading-224-103-307-224-1 bde-heading bde-heading-224-103\">\n2018\n<\/h1>\n\n<\/a><\/div>\n<\/section>    <\/article>\n<\/div>\n\n<\/div><\/div>\n<\/section>","protected":false},"excerpt":{"rendered":"<p>Interior Visualization A floor plan alone does not convey how you will feel in the space. Once it is transformed into a visualization, you suddenly find yourself in the space, and it begins to affect you both aesthetically and emotionally. This creates a clear idea of the materials, colors, and lighting effects, further explaining your [&hellip;]<\/p>","protected":false},"author":1,"featured_media":0,"parent":0,"menu_order":0,"comment_status":"closed","ping_status":"closed","template":"","meta":{"_acf_changed":false,"_breakdance_hide_in_design_set":false,"_breakdance_tags":"","footnotes":""},"class_list":["post-465","page","type-page","status-publish","hentry"],"acf":[],"_links":{"self":[{"href":"https:\/\/valeriereiner.com\/cs\/wp-json\/wp\/v2\/pages\/465","targetHints":{"allow":["GET"]}}],"collection":[{"href":"https:\/\/valeriereiner.com\/cs\/wp-json\/wp\/v2\/pages"}],"about":[{"href":"https:\/\/valeriereiner.com\/cs\/wp-json\/wp\/v2\/types\/page"}],"author":[{"embeddable":true,"href":"https:\/\/valeriereiner.com\/cs\/wp-json\/wp\/v2\/users\/1"}],"replies":[{"embeddable":true,"href":"https:\/\/valeriereiner.com\/cs\/wp-json\/wp\/v2\/comments?post=465"}],"version-history":[{"count":2,"href":"https:\/\/valeriereiner.com\/cs\/wp-json\/wp\/v2\/pages\/465\/revisions"}],"predecessor-version":[{"id":894,"href":"https:\/\/valeriereiner.com\/cs\/wp-json\/wp\/v2\/pages\/465\/revisions\/894"}],"wp:attachment":[{"href":"https:\/\/valeriereiner.com\/cs\/wp-json\/wp\/v2\/media?parent=465"}],"curies":[{"name":"wp","href":"https:\/\/api.w.org\/{rel}","templated":true}]}}