{"id":563,"date":"2024-10-14T17:56:15","date_gmt":"2024-10-14T17:56:15","guid":{"rendered":"https:\/\/valeriereiner.com\/?page_id=563"},"modified":"2025-05-16T10:13:33","modified_gmt":"2025-05-16T10:13:33","slug":"exterior-visualization","status":"publish","type":"page","link":"https:\/\/valeriereiner.com\/cs\/exterior-visualization\/","title":{"rendered":"Exteri\u00e9rov\u00e9 Vizualizace"},"content":{"rendered":"<section class=\"bde-section-563-114 bde-section\">\n  \n\t\n\n\n\n<div class=\"section-container\"><div class=\"bde-div-563-115 bde-div\">\n  \n\t\n\n\n\n<h1 class=\"bde-heading-563-116 bde-heading\">\nExteri\u00e9rov\u00e9 Vizualizace\n<\/h1><div class=\"bde-text-563-117 bde-text\">\nVizualizace exteri\u00e9ru jsou vynikaj\u00edc\u00edm n\u00e1strojem pro formov\u00e1n\u00ed va\u0161\u00ed vize. A\u0165 u\u017e se jedn\u00e1 o vizualizaci va\u0161eho vysn\u011bn\u00e9ho rodinn\u00e9ho domu nebo komplexn\u00edho developersk\u00e9ho projektu, kvalitn\u00ed vizualizace jej dokonale p\u0159edstav\u00ed.<br><br>Um\u00edst\u011bn\u00ed objektu do krajiny a jeho obklopen\u00ed r\u016fzn\u00fdmi druhy fl\u00f3ry d\u00e1v\u00e1 cel\u00e9mu projektu nov\u00fd sm\u011br.\n<\/div>\n<\/div><\/div>\n<\/section><section class=\"bde-section-563-128 bde-section\">\n  \n\t\n\n\n\n<div class=\"section-container\"><div class=\"bde-post-loop-563-129 bde-post-loop\">\n<div class=\"ee-posts ee-posts-grid\">    <article class=\"ee-post\">\n        <style>.breakdance .bde-section-224-100-879-224-1{background-image:url(https:\/\/valeriereiner.com\/wp-content\/uploads\/2025\/05\/WebP_Sunrise-004-2048x1365.webp);background-size:cover}<\/style><section class=\"bde-section-224-100-879-224-1 bde-section bde-section-224-100\">\n  \n\t\n\n\n\n<div class=\"section-container\"><a class=\"bde-container-link-224-106-879-224-1 bde-container-link bde-container-link-224-106 breakdance-link\" href=\"https:\/\/valeriereiner.com\/cs\/project\/family-house\/\" target=\"_self\" data-type=\"url\">\n  \n\t\n\n\n\n<h1 class=\"bde-heading-224-101-879-224-1 bde-heading bde-heading-224-101\">\nFamily House\n<\/h1><h1 class=\"bde-heading-224-102-879-224-1 bde-heading bde-heading-224-102\">\nIn-House Project\n<\/h1><h1 class=\"bde-heading-224-103-879-224-1 bde-heading bde-heading-224-103\">\n2025\n<\/h1>\n\n<\/a><\/div>\n<\/section>    <\/article>\n    <article class=\"ee-post\">\n        <style>.breakdance .bde-section-224-100-342-224-1{background-image:url(https:\/\/valeriereiner.com\/wp-content\/uploads\/2024\/08\/240215-Archplan-Jona_AUSS-2048x1365.jpg);background-size:cover}<\/style><section class=\"bde-section-224-100-342-224-1 bde-section bde-section-224-100\">\n  \n\t\n\n\n\n<div class=\"section-container\"><a class=\"bde-container-link-224-106-342-224-1 bde-container-link bde-container-link-224-106 breakdance-link\" href=\"https:\/\/valeriereiner.com\/cs\/project\/archplan-jona\/\" target=\"_self\" data-type=\"url\">\n  \n\t\n\n\n\n<h1 class=\"bde-heading-224-101-342-224-1 bde-heading bde-heading-224-101\">\nArchplan Jona\n<\/h1><h1 class=\"bde-heading-224-102-342-224-1 bde-heading bde-heading-224-102\">\nAtelier Brunecky\n<\/h1><h1 class=\"bde-heading-224-103-342-224-1 bde-heading bde-heading-224-103\">\n2024\n<\/h1>\n\n<\/a><\/div>\n<\/section>    <\/article>\n    <article class=\"ee-post\">\n        <style>.breakdance .bde-section-224-100-262-224-1{background-image:url(https:\/\/valeriereiner.com\/wp-content\/uploads\/2024\/08\/231003-Altrimo-Wienacht-scaled.avif);background-size:cover}<\/style><section class=\"bde-section-224-100-262-224-1 bde-section bde-section-224-100\">\n  \n\t\n\n\n\n<div class=\"section-container\"><a class=\"bde-container-link-224-106-262-224-1 bde-container-link bde-container-link-224-106 breakdance-link\" href=\"https:\/\/valeriereiner.com\/cs\/project\/altrimo-house\/\" target=\"_self\" data-type=\"url\">\n  \n\t\n\n\n\n<h1 class=\"bde-heading-224-101-262-224-1 bde-heading bde-heading-224-101\">\nAltrimo House\n<\/h1><h1 class=\"bde-heading-224-102-262-224-1 bde-heading bde-heading-224-102\">\nAtelier Brunecky\n<\/h1><h1 class=\"bde-heading-224-103-262-224-1 bde-heading bde-heading-224-103\">\n2023\n<\/h1>\n\n<\/a><\/div>\n<\/section>    <\/article>\n    <article class=\"ee-post\">\n        <style>.breakdance .bde-section-224-100-302-224-1{background-image:url(https:\/\/valeriereiner.com\/wp-content\/uploads\/2024\/08\/3-2-2048x1152.jpg);background-size:cover}<\/style><section class=\"bde-section-224-100-302-224-1 bde-section bde-section-224-100\">\n  \n\t\n\n\n\n<div class=\"section-container\"><a class=\"bde-container-link-224-106-302-224-1 bde-container-link bde-container-link-224-106 breakdance-link\" href=\"https:\/\/valeriereiner.com\/cs\/project\/302\/\" target=\"_self\" data-type=\"url\">\n  \n\t\n\n\n\n<h1 class=\"bde-heading-224-101-302-224-1 bde-heading bde-heading-224-101\">\nTiny House \n<\/h1><h1 class=\"bde-heading-224-102-302-224-1 bde-heading bde-heading-224-102\">\nPetr H\u00e1jek arch.\n<\/h1><h1 class=\"bde-heading-224-103-302-224-1 bde-heading bde-heading-224-103\">\n2023\n<\/h1>\n\n<\/a><\/div>\n<\/section>    <\/article>\n    <article class=\"ee-post\">\n        <style>.breakdance .bde-section-224-100-263-224-1{background-image:url(https:\/\/valeriereiner.com\/wp-content\/uploads\/2024\/08\/1-2048x1152.jpg);background-size:cover}<\/style><section class=\"bde-section-224-100-263-224-1 bde-section bde-section-224-100\">\n  \n\t\n\n\n\n<div class=\"section-container\"><a class=\"bde-container-link-224-106-263-224-1 bde-container-link bde-container-link-224-106 breakdance-link\" href=\"https:\/\/valeriereiner.com\/cs\/project\/greek-house\/\" target=\"_self\" data-type=\"url\">\n  \n\t\n\n\n\n<h1 class=\"bde-heading-224-101-263-224-1 bde-heading bde-heading-224-101\">\nGreek House\n<\/h1><h1 class=\"bde-heading-224-102-263-224-1 bde-heading bde-heading-224-102\">\nPrivate Client\n<\/h1><h1 class=\"bde-heading-224-103-263-224-1 bde-heading bde-heading-224-103\">\n2022\n<\/h1>\n\n<\/a><\/div>\n<\/section>    <\/article>\n<\/div>\n\n<\/div><\/div>\n<\/section>","protected":false},"excerpt":{"rendered":"<p>Exterior Visualization Exterior visualizations are an excellent tool for shaping your vision. Whether it\u2019s about visualizing your dream family home or a complex development project, a high-quality visualization will present it perfectly.Placing the object in the landscape and surrounding it with various types of flora gives the entire project a new direction. Family House In-House [&hellip;]<\/p>","protected":false},"author":1,"featured_media":0,"parent":0,"menu_order":0,"comment_status":"closed","ping_status":"closed","template":"","meta":{"_acf_changed":false,"_breakdance_hide_in_design_set":false,"_breakdance_tags":"","footnotes":""},"class_list":["post-563","page","type-page","status-publish","hentry"],"acf":[],"_links":{"self":[{"href":"https:\/\/valeriereiner.com\/cs\/wp-json\/wp\/v2\/pages\/563","targetHints":{"allow":["GET"]}}],"collection":[{"href":"https:\/\/valeriereiner.com\/cs\/wp-json\/wp\/v2\/pages"}],"about":[{"href":"https:\/\/valeriereiner.com\/cs\/wp-json\/wp\/v2\/types\/page"}],"author":[{"embeddable":true,"href":"https:\/\/valeriereiner.com\/cs\/wp-json\/wp\/v2\/users\/1"}],"replies":[{"embeddable":true,"href":"https:\/\/valeriereiner.com\/cs\/wp-json\/wp\/v2\/comments?post=563"}],"version-history":[{"count":2,"href":"https:\/\/valeriereiner.com\/cs\/wp-json\/wp\/v2\/pages\/563\/revisions"}],"predecessor-version":[{"id":888,"href":"https:\/\/valeriereiner.com\/cs\/wp-json\/wp\/v2\/pages\/563\/revisions\/888"}],"wp:attachment":[{"href":"https:\/\/valeriereiner.com\/cs\/wp-json\/wp\/v2\/media?parent=563"}],"curies":[{"name":"wp","href":"https:\/\/api.w.org\/{rel}","templated":true}]}}