{"id":565,"date":"2024-10-14T17:56:33","date_gmt":"2024-10-14T17:56:33","guid":{"rendered":"https:\/\/valeriereiner.com\/?page_id=565"},"modified":"2025-05-16T10:27:39","modified_gmt":"2025-05-16T10:27:39","slug":"product-rendering","status":"publish","type":"page","link":"https:\/\/valeriereiner.com\/cs\/product-rendering\/","title":{"rendered":"Produktov\u00e9 Vizualizace"},"content":{"rendered":"<section class=\"bde-section-565-101 bde-section\">\n  \n\t\n\n\n\n<div class=\"section-container\"><div class=\"bde-div-565-102 bde-div\">\n  \n\t\n\n\n\n<h1 class=\"bde-heading-565-103 bde-heading\">\nProduktov\u00e9 Vizualizace\n<\/h1><div class=\"bde-text-565-104 bde-text\">\nVizualizace produktu umo\u017e\u0148uje vytvo\u0159it sv\u011bt bez hranic a neomezen\u00e9 p\u0159edstavivosti. Na rozd\u00edl od komplexn\u00ed produktov\u00e9 fotografie je to metoda, kter\u00e1 je velmi flexibiln\u00ed a nab\u00edz\u00ed nekone\u010dn\u00e9 mo\u017enosti.<br><br>V dne\u0161n\u00ed dob\u011b lze vizualizace vyu\u017e\u00edt k nes\u010detn\u00fdm \u00fa\u010del\u016fm - propaga\u010dn\u00edm materi\u00e1l\u016fm, produktov\u00fdm fotografi\u00edm a prezenta\u010dn\u00edm materi\u00e1l\u016fm.\n<\/div>\n<\/div><\/div>\n<\/section><section class=\"bde-section-565-115 bde-section\">\n  \n\t\n\n\n\n<div class=\"section-container\"><div class=\"bde-post-loop-565-116 bde-post-loop\">\n<div class=\"ee-posts ee-posts-grid\">    <article class=\"ee-post\">\n        <style>.breakdance .bde-section-224-100-940-224-1{background-image:url(https:\/\/valeriereiner.com\/wp-content\/uploads\/2025\/10\/WebP_Untitled00217084-2048x1152.webp);background-size:cover}<\/style><section class=\"bde-section-224-100-940-224-1 bde-section bde-section-224-100\">\n  \n\t\n\n\n\n<div class=\"section-container\"><a class=\"bde-container-link-224-106-940-224-1 bde-container-link bde-container-link-224-106 breakdance-link\" href=\"https:\/\/valeriereiner.com\/cs\/project\/fredericia-soborg-chair\/\" target=\"_self\" data-type=\"url\">\n  \n\t\n\n\n\n<h1 class=\"bde-heading-224-101-940-224-1 bde-heading bde-heading-224-101\">\nSoborg Chair Animation\n<\/h1><h1 class=\"bde-heading-224-102-940-224-1 bde-heading bde-heading-224-102\">\nIn-House Project\n<\/h1><h1 class=\"bde-heading-224-103-940-224-1 bde-heading bde-heading-224-103\">\n2025\n<\/h1>\n\n<\/a><\/div>\n<\/section>    <\/article>\n    <article class=\"ee-post\">\n        <style>.breakdance .bde-section-224-100-928-224-1{background-image:url(https:\/\/valeriereiner.com\/wp-content\/uploads\/2025\/10\/WebP_Untitled00216563-1362x2048.webp);background-size:cover}<\/style><section class=\"bde-section-224-100-928-224-1 bde-section bde-section-224-100\">\n  \n\t\n\n\n\n<div class=\"section-container\"><a class=\"bde-container-link-224-106-928-224-1 bde-container-link bde-container-link-224-106 breakdance-link\" href=\"https:\/\/valeriereiner.com\/cs\/project\/centella-ampoule-video\/\" target=\"_self\" data-type=\"url\">\n  \n\t\n\n\n\n<h1 class=\"bde-heading-224-101-928-224-1 bde-heading bde-heading-224-101\">\nSkincare Ampoule Animation\n<\/h1><h1 class=\"bde-heading-224-102-928-224-1 bde-heading bde-heading-224-102\">\nIn-House Project\n<\/h1><h1 class=\"bde-heading-224-103-928-224-1 bde-heading bde-heading-224-103\">\n2025\n<\/h1>\n\n<\/a><\/div>\n<\/section>    <\/article>\n    <article class=\"ee-post\">\n        <style>.breakdance .bde-section-224-100-864-224-1{background-image:url(https:\/\/valeriereiner.com\/wp-content\/uploads\/2025\/05\/WebP_250218_HeroShot-2048x2048.webp);background-size:cover}<\/style><section class=\"bde-section-224-100-864-224-1 bde-section bde-section-224-100\">\n  \n\t\n\n\n\n<div class=\"section-container\"><a class=\"bde-container-link-224-106-864-224-1 bde-container-link bde-container-link-224-106 breakdance-link\" href=\"https:\/\/valeriereiner.com\/cs\/project\/m-lite-revo\/\" target=\"_self\" data-type=\"url\">\n  \n\t\n\n\n\n<h1 class=\"bde-heading-224-101-864-224-1 bde-heading bde-heading-224-101\">\nM-LITE REVO\n<\/h1><h1 class=\"bde-heading-224-102-864-224-1 bde-heading bde-heading-224-102\">\nFilmatura\n<\/h1><h1 class=\"bde-heading-224-103-864-224-1 bde-heading bde-heading-224-103\">\n2025\n<\/h1>\n\n<\/a><\/div>\n<\/section>    <\/article>\n    <article class=\"ee-post\">\n        <style>.breakdance .bde-section-224-100-896-224-1{background-image:url(https:\/\/valeriereiner.com\/wp-content\/uploads\/2025\/05\/WebP_M-Lite-Revo-Valentine-2025-2048x2048.webp);background-size:cover}<\/style><section class=\"bde-section-224-100-896-224-1 bde-section bde-section-224-100\">\n  \n\t\n\n\n\n<div class=\"section-container\"><a class=\"bde-container-link-224-106-896-224-1 bde-container-link bde-container-link-224-106 breakdance-link\" href=\"https:\/\/valeriereiner.com\/cs\/project\/m-lite-revo-valentines-teaser\/\" target=\"_self\" data-type=\"url\">\n  \n\t\n\n\n\n<h1 class=\"bde-heading-224-101-896-224-1 bde-heading bde-heading-224-101\">\nM-LITE REVO Valentines Teaser\n<\/h1><h1 class=\"bde-heading-224-102-896-224-1 bde-heading bde-heading-224-102\">\nFilmatura\n<\/h1><h1 class=\"bde-heading-224-103-896-224-1 bde-heading bde-heading-224-103\">\n2025\n<\/h1>\n\n<\/a><\/div>\n<\/section>    <\/article>\n    <article class=\"ee-post\">\n        <style>.breakdance .bde-section-224-100-886-224-1{background-image:url(https:\/\/valeriereiner.com\/wp-content\/uploads\/2025\/05\/WebP_M-LITE-Christmas-Teaser-FINAL-2048x1430.webp);background-size:cover}<\/style><section class=\"bde-section-224-100-886-224-1 bde-section bde-section-224-100\">\n  \n\t\n\n\n\n<div class=\"section-container\"><a class=\"bde-container-link-224-106-886-224-1 bde-container-link bde-container-link-224-106 breakdance-link\" href=\"https:\/\/valeriereiner.com\/cs\/project\/m-lite-revo-christmas-teaser\/\" target=\"_self\" data-type=\"url\">\n  \n\t\n\n\n\n<h1 class=\"bde-heading-224-101-886-224-1 bde-heading bde-heading-224-101\">\nM-LITE REVO Christmas Teaser\n<\/h1><h1 class=\"bde-heading-224-102-886-224-1 bde-heading bde-heading-224-102\">\nFilmatura\n<\/h1><h1 class=\"bde-heading-224-103-886-224-1 bde-heading bde-heading-224-103\">\n2024\n<\/h1>\n\n<\/a><\/div>\n<\/section>    <\/article>\n    <article class=\"ee-post\">\n        <style>.breakdance .bde-section-224-100-393-224-1{background-image:url(https:\/\/valeriereiner.com\/wp-content\/uploads\/2024\/08\/240815Cream-Rocks-0005-1365x2048.jpg);background-size:cover}<\/style><section class=\"bde-section-224-100-393-224-1 bde-section bde-section-224-100\">\n  \n\t\n\n\n\n<div class=\"section-container\"><a class=\"bde-container-link-224-106-393-224-1 bde-container-link bde-container-link-224-106 breakdance-link\" href=\"https:\/\/valeriereiner.com\/cs\/project\/olyra-hand-cream\/\" target=\"_self\" data-type=\"url\">\n  \n\t\n\n\n\n<h1 class=\"bde-heading-224-101-393-224-1 bde-heading bde-heading-224-101\">\nOlyra Hand Cream\n<\/h1><h1 class=\"bde-heading-224-102-393-224-1 bde-heading bde-heading-224-102\">\nIn-House Project\n<\/h1><h1 class=\"bde-heading-224-103-393-224-1 bde-heading bde-heading-224-103\">\n2024\n<\/h1>\n\n<\/a><\/div>\n<\/section>    <\/article>\n    <article class=\"ee-post\">\n        <style>.breakdance .bde-section-224-100-341-224-1{background-image:url(https:\/\/valeriereiner.com\/wp-content\/uploads\/2024\/08\/231102-Armchair-2048x1536.jpg);background-size:cover}<\/style><section class=\"bde-section-224-100-341-224-1 bde-section bde-section-224-100\">\n  \n\t\n\n\n\n<div class=\"section-container\"><a class=\"bde-container-link-224-106-341-224-1 bde-container-link bde-container-link-224-106 breakdance-link\" href=\"https:\/\/valeriereiner.com\/cs\/project\/armchair\/\" target=\"_self\" data-type=\"url\">\n  \n\t\n\n\n\n<h1 class=\"bde-heading-224-101-341-224-1 bde-heading bde-heading-224-101\">\nArmchair\n<\/h1><h1 class=\"bde-heading-224-102-341-224-1 bde-heading bde-heading-224-102\">\nIn-House Project\n<\/h1><h1 class=\"bde-heading-224-103-341-224-1 bde-heading bde-heading-224-103\">\n2023\n<\/h1>\n\n<\/a><\/div>\n<\/section>    <\/article>\n    <article class=\"ee-post\">\n        <style>.breakdance .bde-section-224-100-336-224-1{background-image:url(https:\/\/valeriereiner.com\/wp-content\/uploads\/2024\/08\/240822_Peeling-Tube-0002-1365x2048.jpg);background-size:cover}<\/style><section class=\"bde-section-224-100-336-224-1 bde-section bde-section-224-100\">\n  \n\t\n\n\n\n<div class=\"section-container\"><a class=\"bde-container-link-224-106-336-224-1 bde-container-link bde-container-link-224-106 breakdance-link\" href=\"https:\/\/valeriereiner.com\/cs\/project\/cosmetics\/\" target=\"_self\" data-type=\"url\">\n  \n\t\n\n\n\n<h1 class=\"bde-heading-224-101-336-224-1 bde-heading bde-heading-224-101\">\nLuminara Organic Scrub\n<\/h1><h1 class=\"bde-heading-224-102-336-224-1 bde-heading bde-heading-224-102\">\nPrivate Client\n<\/h1><h1 class=\"bde-heading-224-103-336-224-1 bde-heading bde-heading-224-103\">\n2024\n<\/h1>\n\n<\/a><\/div>\n<\/section>    <\/article>\n    <article class=\"ee-post\">\n        <style>.breakdance .bde-section-224-100-334-224-1{background-image:url(https:\/\/valeriereiner.com\/wp-content\/uploads\/2024\/08\/Coctail-Series_3-2048x2048.jpg);background-size:cover}<\/style><section class=\"bde-section-224-100-334-224-1 bde-section bde-section-224-100\">\n  \n\t\n\n\n\n<div class=\"section-container\"><a class=\"bde-container-link-224-106-334-224-1 bde-container-link bde-container-link-224-106 breakdance-link\" href=\"https:\/\/valeriereiner.com\/cs\/project\/cocktail-series\/\" target=\"_self\" data-type=\"url\">\n  \n\t\n\n\n\n<h1 class=\"bde-heading-224-101-334-224-1 bde-heading bde-heading-224-101\">\nCocktail Series\n<\/h1><h1 class=\"bde-heading-224-102-334-224-1 bde-heading bde-heading-224-102\">\nIn-House Project\n<\/h1><h1 class=\"bde-heading-224-103-334-224-1 bde-heading bde-heading-224-103\">\n2024\n<\/h1>\n\n<\/a><\/div>\n<\/section>    <\/article>\n    <article class=\"ee-post\">\n        <style>.breakdance .bde-section-224-100-230-224-1{background-image:url(https:\/\/valeriereiner.com\/wp-content\/uploads\/2024\/08\/Deodorant-mint_0002_Many-square-2048x2048.jpg);background-size:cover}<\/style><section class=\"bde-section-224-100-230-224-1 bde-section bde-section-224-100\">\n  \n\t\n\n\n\n<div class=\"section-container\"><a class=\"bde-container-link-224-106-230-224-1 bde-container-link bde-container-link-224-106 breakdance-link\" href=\"https:\/\/valeriereiner.com\/cs\/project\/clue\/\" target=\"_self\" data-type=\"url\">\n  \n\t\n\n\n\n<h1 class=\"bde-heading-224-101-230-224-1 bde-heading bde-heading-224-101\">\nEco Deodorant\n<\/h1><h1 class=\"bde-heading-224-102-230-224-1 bde-heading bde-heading-224-102\">\nClue\n<\/h1><h1 class=\"bde-heading-224-103-230-224-1 bde-heading bde-heading-224-103\">\n2022\n<\/h1>\n\n<\/a><\/div>\n<\/section>    <\/article>\n    <article class=\"ee-post\">\n        <style>.breakdance .bde-section-224-100-217-224-1{background-image:url(https:\/\/valeriereiner.com\/wp-content\/uploads\/2024\/08\/Nintendo-Switch-White_0010_Nintendo-Switch-White.103-2048x2048.jpg);background-size:cover}<\/style><section class=\"bde-section-224-100-217-224-1 bde-section bde-section-224-100\">\n  \n\t\n\n\n\n<div class=\"section-container\"><a class=\"bde-container-link-224-106-217-224-1 bde-container-link bde-container-link-224-106 breakdance-link\" href=\"https:\/\/valeriereiner.com\/cs\/project\/217\/\" target=\"_self\" data-type=\"url\">\n  \n\t\n\n\n\n<h1 class=\"bde-heading-224-101-217-224-1 bde-heading bde-heading-224-101\">\nSwitch\n<\/h1><h1 class=\"bde-heading-224-102-217-224-1 bde-heading bde-heading-224-102\">\nIn-House Project\n<\/h1><h1 class=\"bde-heading-224-103-217-224-1 bde-heading bde-heading-224-103\">\n2022\n<\/h1>\n\n<\/a><\/div>\n<\/section>    <\/article>\n    <article class=\"ee-post\">\n        <style>.breakdance .bde-section-224-100-255-224-1{background-image:url(https:\/\/valeriereiner.com\/wp-content\/uploads\/2024\/08\/1-2-2048x1187.jpg);background-size:cover}<\/style><section class=\"bde-section-224-100-255-224-1 bde-section bde-section-224-100\">\n  \n\t\n\n\n\n<div class=\"section-container\"><a class=\"bde-container-link-224-106-255-224-1 bde-container-link bde-container-link-224-106 breakdance-link\" href=\"https:\/\/valeriereiner.com\/cs\/project\/255\/\" target=\"_self\" data-type=\"url\">\n  \n\t\n\n\n\n<h1 class=\"bde-heading-224-101-255-224-1 bde-heading bde-heading-224-101\">\nMushroom Lamp\n<\/h1><h1 class=\"bde-heading-224-102-255-224-1 bde-heading bde-heading-224-102\">\nMark\u00e9ta Kipilov\u00e1\n<\/h1><h1 class=\"bde-heading-224-103-255-224-1 bde-heading bde-heading-224-103\">\n2021\n<\/h1>\n\n<\/a><\/div>\n<\/section>    <\/article>\n<\/div>\n\n<\/div><\/div>\n<\/section>","protected":false},"excerpt":{"rendered":"<p>Product Rendering Product visualization allows for the creation of a world without boundaries and limitless imagination. Unlike complex product photography, it is a method that is very flexible and offers endless possibilities.Nowadays, visualizations can be used for countless purposes\u2014promotional materials, product photography, and presentation materials. Soborg Chair Animation In-House Project 2025 Skincare Ampoule Animation In-House [&hellip;]<\/p>","protected":false},"author":1,"featured_media":0,"parent":0,"menu_order":0,"comment_status":"closed","ping_status":"closed","template":"","meta":{"_acf_changed":false,"_breakdance_hide_in_design_set":false,"_breakdance_tags":"","footnotes":""},"class_list":["post-565","page","type-page","status-publish","hentry"],"acf":[],"_links":{"self":[{"href":"https:\/\/valeriereiner.com\/cs\/wp-json\/wp\/v2\/pages\/565","targetHints":{"allow":["GET"]}}],"collection":[{"href":"https:\/\/valeriereiner.com\/cs\/wp-json\/wp\/v2\/pages"}],"about":[{"href":"https:\/\/valeriereiner.com\/cs\/wp-json\/wp\/v2\/types\/page"}],"author":[{"embeddable":true,"href":"https:\/\/valeriereiner.com\/cs\/wp-json\/wp\/v2\/users\/1"}],"replies":[{"embeddable":true,"href":"https:\/\/valeriereiner.com\/cs\/wp-json\/wp\/v2\/comments?post=565"}],"version-history":[{"count":3,"href":"https:\/\/valeriereiner.com\/cs\/wp-json\/wp\/v2\/pages\/565\/revisions"}],"predecessor-version":[{"id":897,"href":"https:\/\/valeriereiner.com\/cs\/wp-json\/wp\/v2\/pages\/565\/revisions\/897"}],"wp:attachment":[{"href":"https:\/\/valeriereiner.com\/cs\/wp-json\/wp\/v2\/media?parent=565"}],"curies":[{"name":"wp","href":"https:\/\/api.w.org\/{rel}","templated":true}]}}