{"id":567,"date":"2024-10-14T17:56:40","date_gmt":"2024-10-14T17:56:40","guid":{"rendered":"https:\/\/valeriereiner.com\/?page_id=567"},"modified":"2025-05-16T10:09:45","modified_gmt":"2025-05-16T10:09:45","slug":"3d-art","status":"publish","type":"page","link":"https:\/\/valeriereiner.com\/cs\/3d-art\/","title":{"rendered":"3D Art"},"content":{"rendered":"<section class=\"bde-section-567-101 bde-section\">\n  \n\t\n\n\n\n<div class=\"section-container\"><div class=\"bde-div-567-102 bde-div\">\n  \n\t\n\n\n\n<h1 class=\"bde-heading-567-103 bde-heading\">\n3D Art\n<\/h1><div class=\"bde-text-567-104 bde-text\">\nKolekce m\u00fdch abstraktn\u00edch um\u011bleck\u00fdch v\u00fdtvor\u016f. Neomezen\u00e9 mo\u017enosti 3D sv\u011bta mi umo\u017e\u0148uj\u00ed naplno rozvinout svou kreativitu a prozkoumat sv\u00e9 nejdivo\u010dej\u0161\u00ed n\u00e1pady, co\u017e m\u011b uklid\u0148uje. Bav\u00ed m\u011b tak\u00e9 experimentovat s kompozic\u00ed, osv\u011btlen\u00edm a souhrou r\u016fzn\u00fdch tvar\u016f a materi\u00e1l\u016f.\n<\/div>\n<\/div><\/div>\n<\/section><section class=\"bde-section-567-115 bde-section\">\n  \n\t\n\n\n\n<div class=\"section-container\"><div class=\"bde-post-loop-567-116 bde-post-loop\">\n<div class=\"ee-posts ee-posts-grid\">    <article class=\"ee-post\">\n        <style>.breakdance .bde-section-224-100-880-224-1{background-image:url(https:\/\/valeriereiner.com\/wp-content\/uploads\/2025\/05\/WebP_Samhain-Witchy-241029-2048x1365.webp);background-size:cover}<\/style><section class=\"bde-section-224-100-880-224-1 bde-section bde-section-224-100\">\n  \n\t\n\n\n\n<div class=\"section-container\"><a class=\"bde-container-link-224-106-880-224-1 bde-container-link bde-container-link-224-106 breakdance-link\" href=\"https:\/\/valeriereiner.com\/cs\/project\/samhain-halloween-scene\/\" target=\"_self\" data-type=\"url\">\n  \n\t\n\n\n\n<h1 class=\"bde-heading-224-101-880-224-1 bde-heading bde-heading-224-101\">\nSamhain\/Halloween Scene\n<\/h1><h1 class=\"bde-heading-224-102-880-224-1 bde-heading bde-heading-224-102\">\nIn-House Project\n<\/h1><h1 class=\"bde-heading-224-103-880-224-1 bde-heading bde-heading-224-103\">\n2024\n<\/h1>\n\n<\/a><\/div>\n<\/section>    <\/article>\n    <article class=\"ee-post\">\n        <style>.breakdance .bde-section-224-100-333-224-1{background-image:url(https:\/\/valeriereiner.com\/wp-content\/uploads\/2024\/08\/240316Wavy-Emission-0006-2048x2048.jpg);background-size:cover}<\/style><section class=\"bde-section-224-100-333-224-1 bde-section bde-section-224-100\">\n  \n\t\n\n\n\n<div class=\"section-container\"><a class=\"bde-container-link-224-106-333-224-1 bde-container-link bde-container-link-224-106 breakdance-link\" href=\"https:\/\/valeriereiner.com\/cs\/project\/luminous\/\" target=\"_self\" data-type=\"url\">\n  \n\t\n\n\n\n<h1 class=\"bde-heading-224-101-333-224-1 bde-heading bde-heading-224-101\">\nLuminous\n<\/h1><h1 class=\"bde-heading-224-102-333-224-1 bde-heading bde-heading-224-102\">\nIn-House Project\n<\/h1><h1 class=\"bde-heading-224-103-333-224-1 bde-heading bde-heading-224-103\">\n2024\n<\/h1>\n\n<\/a><\/div>\n<\/section>    <\/article>\n    <article class=\"ee-post\">\n        <style>.breakdance .bde-section-224-100-332-224-1{background-image:url(https:\/\/valeriereiner.com\/wp-content\/uploads\/2024\/08\/Wavy-Bloom-3-1365x2048.jpg);background-size:cover}<\/style><section class=\"bde-section-224-100-332-224-1 bde-section bde-section-224-100\">\n  \n\t\n\n\n\n<div class=\"section-container\"><a class=\"bde-container-link-224-106-332-224-1 bde-container-link bde-container-link-224-106 breakdance-link\" href=\"https:\/\/valeriereiner.com\/cs\/project\/wavy-bloom\/\" target=\"_self\" data-type=\"url\">\n  \n\t\n\n\n\n<h1 class=\"bde-heading-224-101-332-224-1 bde-heading bde-heading-224-101\">\nWavy Bloom\n<\/h1><h1 class=\"bde-heading-224-102-332-224-1 bde-heading bde-heading-224-102\">\nIn-House Project\n<\/h1><h1 class=\"bde-heading-224-103-332-224-1 bde-heading bde-heading-224-103\">\n2024\n<\/h1>\n\n<\/a><\/div>\n<\/section>    <\/article>\n    <article class=\"ee-post\">\n        <style>.breakdance .bde-section-224-100-331-224-1{background-image:url(https:\/\/valeriereiner.com\/wp-content\/uploads\/2024\/08\/Wave-1-1365x2048.jpg);background-size:cover}<\/style><section class=\"bde-section-224-100-331-224-1 bde-section bde-section-224-100\">\n  \n\t\n\n\n\n<div class=\"section-container\"><a class=\"bde-container-link-224-106-331-224-1 bde-container-link bde-container-link-224-106 breakdance-link\" href=\"https:\/\/valeriereiner.com\/cs\/project\/wave\/\" target=\"_self\" data-type=\"url\">\n  \n\t\n\n\n\n<h1 class=\"bde-heading-224-101-331-224-1 bde-heading bde-heading-224-101\">\nWave\n<\/h1><h1 class=\"bde-heading-224-102-331-224-1 bde-heading bde-heading-224-102\">\nIn-House Project\n<\/h1><h1 class=\"bde-heading-224-103-331-224-1 bde-heading bde-heading-224-103\">\n2024\n<\/h1>\n\n<\/a><\/div>\n<\/section>    <\/article>\n    <article class=\"ee-post\">\n        <style>.breakdance .bde-section-224-100-330-224-1{background-image:url(https:\/\/valeriereiner.com\/wp-content\/uploads\/2024\/08\/Bubbly-Thing.321-2048x2048.jpg);background-size:cover}<\/style><section class=\"bde-section-224-100-330-224-1 bde-section bde-section-224-100\">\n  \n\t\n\n\n\n<div class=\"section-container\"><a class=\"bde-container-link-224-106-330-224-1 bde-container-link bde-container-link-224-106 breakdance-link\" href=\"https:\/\/valeriereiner.com\/cs\/project\/squeeze-bubbles\/\" target=\"_self\" data-type=\"url\">\n  \n\t\n\n\n\n<h1 class=\"bde-heading-224-101-330-224-1 bde-heading bde-heading-224-101\">\nSqueeze Bubbles\n<\/h1><h1 class=\"bde-heading-224-102-330-224-1 bde-heading bde-heading-224-102\">\nIn-House Project\n<\/h1><h1 class=\"bde-heading-224-103-330-224-1 bde-heading bde-heading-224-103\">\n2023\n<\/h1>\n\n<\/a><\/div>\n<\/section>    <\/article>\n    <article class=\"ee-post\">\n        <style>.breakdance .bde-section-224-100-329-224-1{background-image:url(https:\/\/valeriereiner.com\/wp-content\/uploads\/2024\/08\/Explosion.328-2048x2048.png);background-size:cover}<\/style><section class=\"bde-section-224-100-329-224-1 bde-section bde-section-224-100\">\n  \n\t\n\n\n\n<div class=\"section-container\"><a class=\"bde-container-link-224-106-329-224-1 bde-container-link bde-container-link-224-106 breakdance-link\" href=\"https:\/\/valeriereiner.com\/cs\/project\/explosion\/\" target=\"_self\" data-type=\"url\">\n  \n\t\n\n\n\n<h1 class=\"bde-heading-224-101-329-224-1 bde-heading bde-heading-224-101\">\nExplosion\n<\/h1><h1 class=\"bde-heading-224-102-329-224-1 bde-heading bde-heading-224-102\">\nIn-House Project\n<\/h1><h1 class=\"bde-heading-224-103-329-224-1 bde-heading bde-heading-224-103\">\n2023\n<\/h1>\n\n<\/a><\/div>\n<\/section>    <\/article>\n    <article class=\"ee-post\">\n        <style>.breakdance .bde-section-224-100-308-224-1{background-image:url(https:\/\/valeriereiner.com\/wp-content\/uploads\/2024\/08\/Japanese-Frosted-Art.330-1638x2048.jpg);background-size:cover}<\/style><section class=\"bde-section-224-100-308-224-1 bde-section bde-section-224-100\">\n  \n\t\n\n\n\n<div class=\"section-container\"><a class=\"bde-container-link-224-106-308-224-1 bde-container-link bde-container-link-224-106 breakdance-link\" href=\"https:\/\/valeriereiner.com\/cs\/project\/anomaly-series\/\" target=\"_self\" data-type=\"url\">\n  \n\t\n\n\n\n<h1 class=\"bde-heading-224-101-308-224-1 bde-heading bde-heading-224-101\">\nAnomaly Series \n<\/h1><h1 class=\"bde-heading-224-102-308-224-1 bde-heading bde-heading-224-102\">\nIn-House Project\n<\/h1><h1 class=\"bde-heading-224-103-308-224-1 bde-heading bde-heading-224-103\">\n2023\n<\/h1>\n\n<\/a><\/div>\n<\/section>    <\/article>\n<\/div>\n\n<\/div><\/div>\n<\/section>","protected":false},"excerpt":{"rendered":"<p>3D Art A collection of my abstract art creations. The limitless possibilities of the 3D world allow me to fully unleash my creativity and explore my wildest ideas, which I find both calming and comforting. I also enjoy experimenting with composition, lighting, and the interplay of various shapes and materials. Samhain\/Halloween Scene In-House Project 2024 [&hellip;]<\/p>","protected":false},"author":1,"featured_media":0,"parent":0,"menu_order":0,"comment_status":"closed","ping_status":"closed","template":"","meta":{"_acf_changed":false,"_breakdance_hide_in_design_set":false,"_breakdance_tags":"","footnotes":""},"class_list":["post-567","page","type-page","status-publish","hentry"],"acf":[],"_links":{"self":[{"href":"https:\/\/valeriereiner.com\/cs\/wp-json\/wp\/v2\/pages\/567","targetHints":{"allow":["GET"]}}],"collection":[{"href":"https:\/\/valeriereiner.com\/cs\/wp-json\/wp\/v2\/pages"}],"about":[{"href":"https:\/\/valeriereiner.com\/cs\/wp-json\/wp\/v2\/types\/page"}],"author":[{"embeddable":true,"href":"https:\/\/valeriereiner.com\/cs\/wp-json\/wp\/v2\/users\/1"}],"replies":[{"embeddable":true,"href":"https:\/\/valeriereiner.com\/cs\/wp-json\/wp\/v2\/comments?post=567"}],"version-history":[{"count":2,"href":"https:\/\/valeriereiner.com\/cs\/wp-json\/wp\/v2\/pages\/567\/revisions"}],"predecessor-version":[{"id":887,"href":"https:\/\/valeriereiner.com\/cs\/wp-json\/wp\/v2\/pages\/567\/revisions\/887"}],"wp:attachment":[{"href":"https:\/\/valeriereiner.com\/cs\/wp-json\/wp\/v2\/media?parent=567"}],"curies":[{"name":"wp","href":"https:\/\/api.w.org\/{rel}","templated":true}]}}